{"id":326,"date":"2018-07-06T12:54:29","date_gmt":"2018-07-06T12:54:29","guid":{"rendered":"http:\/\/sahel.elated-themes.com\/?page_id=326"},"modified":"2024-02-17T00:42:30","modified_gmt":"2024-02-16T23:42:30","slug":"accueil","status":"publish","type":"page","link":"https:\/\/nicolascornilcompositeur.fr\/en\/","title":{"rendered":"Home"},"content":{"rendered":"<div class=\"eltdf-row-grid-section-wrapper\"  ><div class=\"eltdf-row-grid-section\"><div id=\"apropos\" class=\"vc_row wpb_row vc_row-fluid vc_custom_1569267186160 vc_row-o-equal-height vc_row-o-content-middle vc_row-flex\"  ><div class=\"wpb_column vc_column_container vc_col-sm-12 vc_col-lg-offset-0 vc_col-lg-6 vc_col-md-offset-0 vc_col-md-12 vc_col-sm-offset-0 vc_col-xs-12\"><div class=\"vc_column-inner\"><div class=\"wpb_wrapper\"><div class=\"eltdf-animation-holder eltdf-grow-in\" data-animation=\"eltdf-grow-in\" data-animation-delay=\"\"><div class=\"eltdf-animation-inner\"><div class=\"eltdf-single-image-holder\">\n    <div class=\"eltdf-si-inner\" >\n                                    <img loading=\"lazy\" decoding=\"async\" width=\"683\" height=\"1024\" src=\"https:\/\/nicolascornilcompositeur.fr\/wp-content\/uploads\/2019\/01\/nicolas_cornil_compositeur-683x1024.jpg\" class=\"attachment-large size-large\" alt=\"\" srcset=\"https:\/\/nicolascornilcompositeur.fr\/wp-content\/uploads\/2019\/01\/nicolas_cornil_compositeur-683x1024.jpg 683w, https:\/\/nicolascornilcompositeur.fr\/wp-content\/uploads\/2019\/01\/nicolas_cornil_compositeur-200x300.jpg 200w, https:\/\/nicolascornilcompositeur.fr\/wp-content\/uploads\/2019\/01\/nicolas_cornil_compositeur-768x1152.jpg 768w\" sizes=\"(max-width: 683px) 100vw, 683px\" \/>                        <\/div>\n<\/div><\/div><\/div><div class=\"vc_empty_space\"   style=\"height: 30px\"><span class=\"vc_empty_space_inner\"><\/span><\/div><\/div><\/div><\/div><div class=\"wpb_column vc_column_container vc_col-sm-12 vc_col-lg-offset-0 vc_col-lg-6 vc_col-md-offset-0 vc_col-md-12 vc_col-sm-offset-0 vc_col-xs-12\"><div class=\"vc_column-inner\"><div class=\"wpb_wrapper\"><div class=\"eltdf-animation-holder eltdf-grow-in\" data-animation=\"eltdf-grow-in\" data-animation-delay=\"\"><div class=\"eltdf-animation-inner\">\n\t<div class=\"wpb_text_column wpb_content_element\" >\n\t\t<div class=\"wpb_wrapper\">\n\t\t\t<p class=\"p1\">Initi\u00e9 \u00e0 la musique depuis son plus jeune \u00e2ge, Nicolas Cornil se sp\u00e9cialise dans la cr\u00e9ation de musique de film apr\u00e8s avoir suivi une formation de pianiste classique.<\/p>\n<p class=\"p3\">Ces derni\u00e8res ann\u00e9es, il signe la musique originale de projets vari\u00e9s dont plusieurs reportages pour la t\u00e9l\u00e9vision et plusieurs jeux-vid\u00e9os.<br \/>\nIl gagne le prix de la \u00ab\u00a0meilleure musique originale\u00a0\u00bb pour le film \u00ab\u00a0Monsieur Personne\u00a0\u00bb en 2015 et pour le film \u00ab\u00a0Wild Love\u00a0\u00bb au Deep Focus Festival en 2019 (USA).<\/p>\n<p class=\"p1\">Il compose \u00e9galement la musique originale de films d\u2019animation qui ont gagn\u00e9 de nombreux prix depuis 2018.<\/p>\n\n\t\t<\/div>\n\t<\/div>\n<\/div><\/div><div class=\"vc_empty_space\"   style=\"height: 30px\"><span class=\"vc_empty_space_inner\"><\/span><\/div><div class=\"eltdf-animation-holder eltdf-grow-in\" data-animation=\"eltdf-grow-in\" data-animation-delay=\"\"><div class=\"eltdf-animation-inner\"><a itemprop=\"url\" href=\"https:\/\/nicolascornilcompositeur.fr\/en\/biographie\/\" target=\"_self\"  class=\"eltdf-btn eltdf-btn-small eltdf-btn-solid\"  >\n    <span class=\"eltdf-btn-text\">BIOGRAPHY<\/span>\n    <\/a><\/div><\/div><div class=\"vc_empty_space\"   style=\"height: 30px\"><span class=\"vc_empty_space_inner\"><\/span><\/div><\/div><\/div><\/div><\/div><\/div><\/div><div data-vc-parallax=\"1.5\" data-vc-parallax-image=\"https:\/\/nicolascornilcompositeur.fr\/wp-content\/uploads\/2019\/01\/black-and-white-black-and-white-cold-711022-e1548968308481.jpg\" class=\"vc_row wpb_row vc_row-fluid vc_row-has-fill vc_row-o-content-middle vc_row-flex vc_general vc_parallax vc_parallax-content-moving\"  ><div class=\"wpb_column vc_column_container vc_col-sm-12 vc_hidden-sm vc_hidden-xs\"><div class=\"vc_column-inner\"><div class=\"wpb_wrapper\"><div class=\"vc_row wpb_row vc_inner vc_row-fluid vc_row-o-content-middle vc_row-flex\" ><div class=\"wpb_column vc_column_container vc_col-sm-12 vc_hidden-sm vc_hidden-xs\"><div class=\"vc_column-inner\"><div class=\"wpb_wrapper\"><div class=\"eltdf-animation-holder eltdf-grow-in\" data-animation=\"eltdf-grow-in\" data-animation-delay=\"\"><div class=\"eltdf-animation-inner\"><div class=\"vc_empty_space\"   style=\"height: 64px\"><span class=\"vc_empty_space_inner\"><\/span><\/div>\n\t<div class=\"wpb_text_column wpb_content_element\" >\n\t\t<div class=\"wpb_wrapper\">\n\t\t\t<h4 style=\"text-align: center;\">\u00ab Music gives a soul to our hearts and wings to our thoughts \u00bb<\/h4>\n<p style=\"text-align: center; color: #010101;\">PLATON<\/p>\n\n\t\t<\/div>\n\t<\/div>\n<div class=\"vc_empty_space\"   style=\"height: 64px\"><span class=\"vc_empty_space_inner\"><\/span><\/div><\/div><\/div><\/div><\/div><\/div><\/div><\/div><\/div><\/div><\/div><div class=\"vc_row wpb_row vc_row-fluid\"  ><div class=\"wpb_column vc_column_container vc_col-sm-12\"><div class=\"vc_column-inner\"><div class=\"wpb_wrapper\">\n\t<div class=\"wpb_text_column wpb_content_element\" >\n\t\t<div class=\"wpb_wrapper\">\n\t\t\t<h1 style=\"text-align: center;\">Les derniers projets<\/h1>\n\n\t\t<\/div>\n\t<\/div>\n<\/div><\/div><\/div><\/div><div class=\"eltdf-row-grid-section-wrapper\"  ><div class=\"eltdf-row-grid-section\"><div class=\"vc_row wpb_row vc_row-fluid vc_custom_1549898597733 vc_row-o-content-middle vc_row-flex\"  ><div class=\"wpb_column vc_column_container vc_col-sm-12 vc_col-lg-offset-0 vc_col-lg-6 vc_col-md-offset-0 vc_col-md-12 vc_col-sm-offset-0\"><div class=\"vc_column-inner\"><div class=\"wpb_wrapper\"><div class=\"eltdf-animation-holder eltdf-grow-in\" data-animation=\"eltdf-grow-in\" data-animation-delay=\"\"><div class=\"eltdf-animation-inner\"><div class=\"eltdf-video-button-holder  eltdf-vb-has-img\">\n\t<div class=\"eltdf-video-button-image\">\n\t\t<img loading=\"lazy\" decoding=\"async\" width=\"1280\" height=\"800\" src=\"https:\/\/nicolascornilcompositeur.fr\/wp-content\/uploads\/2024\/02\/image_-Sonam-Wangchuck-larchitecte-des-glaces-3.jpg\" class=\"attachment-full size-full\" alt=\"\" srcset=\"https:\/\/nicolascornilcompositeur.fr\/wp-content\/uploads\/2024\/02\/image_-Sonam-Wangchuck-larchitecte-des-glaces-3.jpg 1280w, https:\/\/nicolascornilcompositeur.fr\/wp-content\/uploads\/2024\/02\/image_-Sonam-Wangchuck-larchitecte-des-glaces-3-300x188.jpg 300w, https:\/\/nicolascornilcompositeur.fr\/wp-content\/uploads\/2024\/02\/image_-Sonam-Wangchuck-larchitecte-des-glaces-3-1024x640.jpg 1024w, https:\/\/nicolascornilcompositeur.fr\/wp-content\/uploads\/2024\/02\/image_-Sonam-Wangchuck-larchitecte-des-glaces-3-768x480.jpg 768w, https:\/\/nicolascornilcompositeur.fr\/wp-content\/uploads\/2024\/02\/image_-Sonam-Wangchuck-larchitecte-des-glaces-3-18x12.jpg 18w\" sizes=\"(max-width: 1280px) 100vw, 1280px\" \/>\t<\/div>\n\t\t\t<a class=\"eltdf-video-button-play\"  href=\"https:\/\/www.youtube.com\/watch?v=nYGXABk43Wk\" data-rel=\"prettyPhoto[video_button_pretty_photo_503]\">\n\t\t\t<span class=\"eltdf-video-button-play-inner\">\n\t\t\t\t<span class=\"eltdf-button-holder\">\n\t\t\t\t\t<span class=\"eltdf-button-play\"><\/span>\n\t\t\t\t<\/span>\n\t\t\t\t\n\t\t\t<\/span>\n\t\t<\/a>\n\t<\/div><\/div><\/div><div class=\"vc_empty_space\"   style=\"height: 20px\"><span class=\"vc_empty_space_inner\"><\/span><\/div><\/div><\/div><\/div><div class=\"wpb_column vc_column_container vc_col-sm-12 vc_col-lg-offset-0 vc_col-lg-6 vc_col-md-offset-0 vc_col-sm-offset-0\"><div class=\"vc_column-inner\"><div class=\"wpb_wrapper\"><div class=\"eltdf-animation-holder eltdf-grow-in\" data-animation=\"eltdf-grow-in\" data-animation-delay=\"\"><div class=\"eltdf-animation-inner\"><div class=\"eltdf-section-title-holder  eltdf-st-standard eltdf-st-title-left eltdf-st-normal-space\" >\n\t<div class=\"eltdf-st-inner\">\n\t\t\n        \n\t\t\t\t\t<h1 class=\"eltdf-st-title\" >\n\t\t\t\t<span>\n\t\t\t\tSonam Wangchuck\t\t\t\t<\/span>\n\t\t\t<\/h1>\n\t\t\t\t\t\t\t<p class=\"eltdf-st-text\" >\n\t\t\t\tLe Ladakh, en Inde, est l\u2019une des r\u00e9gions les plus menac\u00e9es au monde par le r\u00e9chauffement climatique. La fonte des glaces entra\u00eene une importante p\u00e9nurie d\u2019eau.\t\t\t<\/p>\n\t\t\t<\/div>\n<\/div><\/div><\/div><div class=\"vc_empty_space\"   style=\"height: 12px\"><span class=\"vc_empty_space_inner\"><\/span><\/div><div class=\"eltdf-animation-holder eltdf-grow-in\" data-animation=\"eltdf-grow-in\" data-animation-delay=\"\"><div class=\"eltdf-animation-inner\"><a itemprop=\"url\" href=\"https:\/\/nicolascornilcompositeur.fr\/en\/portfolio-item\/sonam-wangchuck-larchitecte-des-glaces\/\" target=\"_self\"  class=\"eltdf-btn eltdf-btn-medium eltdf-btn-simple\"  >\n    <span class=\"eltdf-btn-text\">SEE MORE<\/span>\n    <\/a><\/div><\/div><div class=\"vc_empty_space\"   style=\"height: 30px\"><span class=\"vc_empty_space_inner\"><\/span><\/div><\/div><\/div><\/div><\/div><\/div><\/div><div class=\"eltdf-row-grid-section-wrapper\"  ><div class=\"eltdf-row-grid-section\"><div class=\"vc_row wpb_row vc_row-fluid vc_custom_1549898597733 vc_row-o-content-middle vc_row-flex\"  ><div class=\"wpb_column vc_column_container vc_col-sm-12 vc_col-lg-offset-0 vc_col-lg-6 vc_col-md-offset-0 vc_col-md-12 vc_col-sm-offset-0\"><div class=\"vc_column-inner\"><div class=\"wpb_wrapper\"><div class=\"eltdf-animation-holder eltdf-grow-in\" data-animation=\"eltdf-grow-in\" data-animation-delay=\"\"><div class=\"eltdf-animation-inner\"><div class=\"eltdf-section-title-holder  eltdf-st-standard eltdf-st-title-left eltdf-st-normal-space\" >\n\t<div class=\"eltdf-st-inner\">\n\t\t\n        \n\t\t\t\t\t<h1 class=\"eltdf-st-title\" >\n\t\t\t\t<span>\n\t\t\t\tGhostland Yard\t\t\t\t<\/span>\n\t\t\t<\/h1>\n\t\t\t\t\t\t\t<p class=\"eltdf-st-text\" >\n\t\t\t\tThe Ghostland yard investigators have disappeared. Try to find them and solve the mystery in this demanding 2D platformer.\t\t\t<\/p>\n\t\t\t<\/div>\n<\/div><\/div><\/div><div class=\"vc_empty_space\"   style=\"height: 12px\"><span class=\"vc_empty_space_inner\"><\/span><\/div><div class=\"eltdf-animation-holder eltdf-grow-in\" data-animation=\"eltdf-grow-in\" data-animation-delay=\"\"><div class=\"eltdf-animation-inner\"><a itemprop=\"url\" href=\"https:\/\/nicolascornilcompositeur.fr\/en\/portfolio-item\/ghostland-yard\/\" target=\"_self\"  class=\"eltdf-btn eltdf-btn-medium eltdf-btn-simple\"  >\n    <span class=\"eltdf-btn-text\">SEE MORE<\/span>\n    <\/a><\/div><\/div><div class=\"vc_empty_space\"   style=\"height: 30px\"><span class=\"vc_empty_space_inner\"><\/span><\/div><\/div><\/div><\/div><div class=\"wpb_column vc_column_container vc_col-sm-12 vc_col-lg-offset-0 vc_col-lg-6 vc_col-md-offset-0 vc_col-sm-offset-0\"><div class=\"vc_column-inner\"><div class=\"wpb_wrapper\"><div class=\"eltdf-animation-holder eltdf-grow-in\" data-animation=\"eltdf-grow-in\" data-animation-delay=\"\"><div class=\"eltdf-animation-inner\"><div class=\"eltdf-video-button-holder  eltdf-vb-has-img\">\n\t<div class=\"eltdf-video-button-image\">\n\t\t<img loading=\"lazy\" decoding=\"async\" width=\"1280\" height=\"800\" src=\"https:\/\/nicolascornilcompositeur.fr\/wp-content\/uploads\/2024\/02\/1-image_Ghostland-Yard-1.jpg\" class=\"attachment-full size-full\" alt=\"\" srcset=\"https:\/\/nicolascornilcompositeur.fr\/wp-content\/uploads\/2024\/02\/1-image_Ghostland-Yard-1.jpg 1280w, https:\/\/nicolascornilcompositeur.fr\/wp-content\/uploads\/2024\/02\/1-image_Ghostland-Yard-1-300x188.jpg 300w, https:\/\/nicolascornilcompositeur.fr\/wp-content\/uploads\/2024\/02\/1-image_Ghostland-Yard-1-1024x640.jpg 1024w, https:\/\/nicolascornilcompositeur.fr\/wp-content\/uploads\/2024\/02\/1-image_Ghostland-Yard-1-768x480.jpg 768w, https:\/\/nicolascornilcompositeur.fr\/wp-content\/uploads\/2024\/02\/1-image_Ghostland-Yard-1-18x12.jpg 18w\" sizes=\"(max-width: 1280px) 100vw, 1280px\" \/>\t<\/div>\n\t\t\t<a class=\"eltdf-video-button-play\"  href=\"https:\/\/www.youtube.com\/watch?v=PSVeCZIS4wI\" data-rel=\"prettyPhoto[video_button_pretty_photo_499]\">\n\t\t\t<span class=\"eltdf-video-button-play-inner\">\n\t\t\t\t<span class=\"eltdf-button-holder\">\n\t\t\t\t\t<span class=\"eltdf-button-play\"><\/span>\n\t\t\t\t<\/span>\n\t\t\t\t\n\t\t\t<\/span>\n\t\t<\/a>\n\t<\/div><\/div><\/div><div class=\"vc_empty_space\"   style=\"height: 30px\"><span class=\"vc_empty_space_inner\"><\/span><\/div><\/div><\/div><\/div><\/div><\/div><\/div><div class=\"eltdf-row-grid-section-wrapper\"  ><div class=\"eltdf-row-grid-section\"><div class=\"vc_row wpb_row vc_row-fluid vc_custom_1549898597733 vc_row-o-content-middle vc_row-flex\"  ><div class=\"wpb_column vc_column_container vc_col-sm-12 vc_col-lg-offset-0 vc_col-lg-6 vc_col-md-offset-0 vc_col-md-12 vc_col-sm-offset-0\"><div class=\"vc_column-inner\"><div class=\"wpb_wrapper\"><div class=\"eltdf-animation-holder eltdf-grow-in\" data-animation=\"eltdf-grow-in\" data-animation-delay=\"\"><div class=\"eltdf-animation-inner\"><div class=\"eltdf-video-button-holder  eltdf-vb-has-img\">\n\t<div class=\"eltdf-video-button-image\">\n\t\t<img loading=\"lazy\" decoding=\"async\" width=\"1280\" height=\"800\" src=\"https:\/\/nicolascornilcompositeur.fr\/wp-content\/uploads\/2024\/02\/2-image_Dawn-of-the-chiwawas-Van-Damme-1.jpg\" class=\"attachment-full size-full\" alt=\"\" srcset=\"https:\/\/nicolascornilcompositeur.fr\/wp-content\/uploads\/2024\/02\/2-image_Dawn-of-the-chiwawas-Van-Damme-1.jpg 1280w, https:\/\/nicolascornilcompositeur.fr\/wp-content\/uploads\/2024\/02\/2-image_Dawn-of-the-chiwawas-Van-Damme-1-300x188.jpg 300w, https:\/\/nicolascornilcompositeur.fr\/wp-content\/uploads\/2024\/02\/2-image_Dawn-of-the-chiwawas-Van-Damme-1-1024x640.jpg 1024w, https:\/\/nicolascornilcompositeur.fr\/wp-content\/uploads\/2024\/02\/2-image_Dawn-of-the-chiwawas-Van-Damme-1-768x480.jpg 768w, https:\/\/nicolascornilcompositeur.fr\/wp-content\/uploads\/2024\/02\/2-image_Dawn-of-the-chiwawas-Van-Damme-1-18x12.jpg 18w\" sizes=\"(max-width: 1280px) 100vw, 1280px\" \/>\t<\/div>\n\t\t\t<a class=\"eltdf-video-button-play\"  href=\"https:\/\/www.youtube.com\/watch?v=GBtwCTcB_5c\" data-rel=\"prettyPhoto[video_button_pretty_photo_774]\">\n\t\t\t<span class=\"eltdf-video-button-play-inner\">\n\t\t\t\t<span class=\"eltdf-button-holder\">\n\t\t\t\t\t<span class=\"eltdf-button-play\"><\/span>\n\t\t\t\t<\/span>\n\t\t\t\t\n\t\t\t<\/span>\n\t\t<\/a>\n\t<\/div><\/div><\/div><div class=\"vc_empty_space\"   style=\"height: 30px\"><span class=\"vc_empty_space_inner\"><\/span><\/div><\/div><\/div><\/div><div class=\"wpb_column vc_column_container vc_col-sm-12 vc_col-lg-offset-0 vc_col-lg-6 vc_col-md-offset-0 vc_col-sm-offset-0\"><div class=\"vc_column-inner\"><div class=\"wpb_wrapper\"><div class=\"eltdf-animation-holder eltdf-grow-in\" data-animation=\"eltdf-grow-in\" data-animation-delay=\"\"><div class=\"eltdf-animation-inner\"><div class=\"eltdf-section-title-holder  eltdf-st-standard eltdf-st-title-left eltdf-st-normal-space\" >\n\t<div class=\"eltdf-st-inner\">\n\t\t\n        \n\t\t\t\t\t<h1 class=\"eltdf-st-title\" >\n\t\t\t\t<span>\n\t\t\t\tVan Damme : Dawn of the Chihuahuas\t\t\t\t<\/span>\n\t\t\t<\/h1>\n\t\t\t\t\t\t\t<p class=\"eltdf-st-text\" >\n\t\t\t\tVous \u00eates un amoureux des chiens et souhaitez faire une diff\u00e9rence dans le monde ? Maintenant vous pouvez !\t\t\t<\/p>\n\t\t\t<\/div>\n<\/div><\/div><\/div><div class=\"vc_empty_space\"   style=\"height: 12px\"><span class=\"vc_empty_space_inner\"><\/span><\/div><div class=\"eltdf-animation-holder eltdf-grow-in\" data-animation=\"eltdf-grow-in\" data-animation-delay=\"\"><div class=\"eltdf-animation-inner\"><a itemprop=\"url\" href=\"https:\/\/nicolascornilcompositeur.fr\/en\/portfolio-item\/van-damme-dawn-of-the-chihuahuas\/\" target=\"_self\"  class=\"eltdf-btn eltdf-btn-medium eltdf-btn-simple\"  >\n    <span class=\"eltdf-btn-text\">SEE MORE<\/span>\n    <\/a><\/div><\/div><div class=\"vc_empty_space\"   style=\"height: 30px\"><span class=\"vc_empty_space_inner\"><\/span><\/div><\/div><\/div><\/div><\/div><\/div><\/div><section class=\"vc_section\"><div class=\"eltdf-row-grid-section-wrapper eltdf-content-aligment-center\"  ><div class=\"eltdf-row-grid-section\"><div class=\"vc_row wpb_row vc_row-fluid vc_column-gap-10 vc_row-o-equal-height vc_row-o-content-middle vc_row-flex\"  ><div class=\"wpb_column vc_column_container vc_col-sm-3 vc_col-has-fill\"><div class=\"vc_column-inner vc_custom_1707527434277\"><div class=\"wpb_wrapper\"><div class=\"eltdf-animation-holder eltdf-grow-in\" data-animation=\"eltdf-grow-in\" data-animation-delay=\"\"><div class=\"eltdf-animation-inner\">\n\t<div class=\"wpb_text_column wpb_content_element\" >\n\t\t<div class=\"wpb_wrapper\">\n\t\t\t<h3 style=\"color: #ffffff; text-align: center;\"><a href=\"https:\/\/nicolascornilcompositeur.fr\/en\/musiques\/\">Musical compositions<\/a><\/h3>\n\n\t\t<\/div>\n\t<\/div>\n<\/div><\/div><div class=\"vc_empty_space\"   style=\"height: 30px\"><span class=\"vc_empty_space_inner\"><\/span><\/div><\/div><\/div><\/div><div class=\"wpb_column vc_column_container vc_col-sm-9 vc_col-has-fill\"><div class=\"vc_column-inner vc_custom_1707527428672\"><div class=\"wpb_wrapper\">\n\t<div class=\"wpb_text_column wpb_content_element\" >\n\t\t<div class=\"wpb_wrapper\">\n\t\t\t<h3 style=\"color: #ffffff; text-align: left;\">A few examples<\/h3>\n\n\t\t<\/div>\n\t<\/div>\n<div class=\"vc_empty_space\"   style=\"height: 30px\"><span class=\"vc_empty_space_inner\"><\/span><\/div><div class=\"eltdf-animation-holder eltdf-grow-in\" data-animation=\"eltdf-grow-in\" data-animation-delay=\"\"><div class=\"eltdf-animation-inner\">\n\t<div class=\"wpb_text_column wpb_content_element\" >\n\t\t<div class=\"wpb_wrapper\">\n\t\t\t<p style=\"color: #ffffff; text-align: left;\"><strong>Irreversible<\/strong> &#8211; <em>Dramatique<\/em><\/p>\n\n\t\t<\/div>\n\t<\/div>\n<div class=\"karma-by-kadar__simple-player karma-by-kadar__simple-player--white\" data-src=\"https:\/\/nicolascornilcompositeur.fr\/wp-content\/uploads\/2021\/02\/Irreversible.wav\" data-volume=\"1\" >\n\t\t\t<div class=\"karma-by-kadar__simple-player__player\"><\/div>\n\t\t\t<div class=\"karma-by-kadar__simple-player__play-pause\">\n\t\t\t\t<div class=\"karma-by-kadar__simple-player__play\">\n\t\t\t\t\t<i class=\"material-icons\">play_circle_filled<\/i>\n\t\t\t\t<\/div>\n\t\t\t\t<div class=\"karma-by-kadar__simple-player__pause\">\n\t\t\t\t\t<i class=\"material-icons\">pause_circle_filled<\/i>\n\t\t\t\t<\/div>\n\t\t\t<\/div><div class=\"karma-by-kadar__simple-player__volume-handler-container\">\n\t\t\t\t<div class=\"karma-by-kadar__simple-player__middle\">\n\t\t\t\t\t<div class=\"karma-by-kadar__simple-player__seekbar\">\n\t\t\t\t\t\t<div class=\"karma-by-kadar__simple-player__seekbar__bg\"><\/div>\n\t\t\t\t\t<\/div>\n\t\t\t\t\t<div class=\"karma-by-kadar__simple-player__current-time\"><\/div>\n\t\t\t\t\t<div class=\"karma-by-kadar__simple-player__duration\"><\/div>\n\t\t\t\t<\/div>\n\t\t\t\t<div class=\"karma-by-kadar__simple-player__right\">\n\t\t\t\t\t<div class=\"karma-by-kadar__simple-player__volume\">\n\t\t\t\t\t\t<div class=\"karma-by-kadar__simple-player__volume__bar\">\n\t\t\t\t\t\t\t<div class=\"karma-by-kadar__simple-player__volume__seekbar\">\n\t\t\t\t\t\t\t\t<div class=\"karma-by-kadar__simple-player__volume__seekbar__bg\"><\/div>\n\t\t\t\t\t\t\t<\/div>\n\t\t\t\t\t\t\t<i class=\"material-icons\">volume_down<\/i>\n\t\t\t\t\t\t<\/div>\n\t\t\t\t\t\t<div class=\"karma-by-kadar__simple-player__mute\">\n\t\t\t\t\t\t\t<i class=\"material-icons\">volume_up<\/i>\n\t\t\t\t\t\t<\/div>\n\t\t\t\t\t\t<div class=\"karma-by-kadar__simple-player__unmute\">\n\t\t\t\t\t\t\t<i class=\"material-icons\">volume_off<\/i>\n\t\t\t\t\t\t<\/div>\n\t\t\t\t\t<\/div>\n\t\t\t\t<\/div>\n\t\t\t<\/div>\n\t\t<\/div>\n\t<div class=\"wpb_text_column wpb_content_element\" >\n\t\t<div class=\"wpb_wrapper\">\n\t\t\t<p style=\"color: #ffffff; text-align: left;\"><strong> Denise&rsquo;s tragic destiny <\/strong> &#8211; <em>Epic<\/em><\/p>\n\n\t\t<\/div>\n\t<\/div>\n<div class=\"karma-by-kadar__simple-player karma-by-kadar__simple-player--white\" data-src=\"https:\/\/nicolascornilcompositeur.fr\/wp-content\/uploads\/2024\/02\/Denises-tragic-destiny-1.wav\" data-volume=\"1\" >\n\t\t\t<div class=\"karma-by-kadar__simple-player__player\"><\/div>\n\t\t\t<div class=\"karma-by-kadar__simple-player__play-pause\">\n\t\t\t\t<div class=\"karma-by-kadar__simple-player__play\">\n\t\t\t\t\t<i class=\"material-icons\">play_circle_filled<\/i>\n\t\t\t\t<\/div>\n\t\t\t\t<div class=\"karma-by-kadar__simple-player__pause\">\n\t\t\t\t\t<i class=\"material-icons\">pause_circle_filled<\/i>\n\t\t\t\t<\/div>\n\t\t\t<\/div><div class=\"karma-by-kadar__simple-player__volume-handler-container\">\n\t\t\t\t<div class=\"karma-by-kadar__simple-player__middle\">\n\t\t\t\t\t<div class=\"karma-by-kadar__simple-player__seekbar\">\n\t\t\t\t\t\t<div class=\"karma-by-kadar__simple-player__seekbar__bg\"><\/div>\n\t\t\t\t\t<\/div>\n\t\t\t\t\t<div class=\"karma-by-kadar__simple-player__current-time\"><\/div>\n\t\t\t\t\t<div class=\"karma-by-kadar__simple-player__duration\"><\/div>\n\t\t\t\t<\/div>\n\t\t\t\t<div class=\"karma-by-kadar__simple-player__right\">\n\t\t\t\t\t<div class=\"karma-by-kadar__simple-player__volume\">\n\t\t\t\t\t\t<div class=\"karma-by-kadar__simple-player__volume__bar\">\n\t\t\t\t\t\t\t<div class=\"karma-by-kadar__simple-player__volume__seekbar\">\n\t\t\t\t\t\t\t\t<div class=\"karma-by-kadar__simple-player__volume__seekbar__bg\"><\/div>\n\t\t\t\t\t\t\t<\/div>\n\t\t\t\t\t\t\t<i class=\"material-icons\">volume_down<\/i>\n\t\t\t\t\t\t<\/div>\n\t\t\t\t\t\t<div class=\"karma-by-kadar__simple-player__mute\">\n\t\t\t\t\t\t\t<i class=\"material-icons\">volume_up<\/i>\n\t\t\t\t\t\t<\/div>\n\t\t\t\t\t\t<div class=\"karma-by-kadar__simple-player__unmute\">\n\t\t\t\t\t\t\t<i class=\"material-icons\">volume_off<\/i>\n\t\t\t\t\t\t<\/div>\n\t\t\t\t\t<\/div>\n\t\t\t\t<\/div>\n\t\t\t<\/div>\n\t\t<\/div>\n\t<div class=\"wpb_text_column wpb_content_element\" >\n\t\t<div class=\"wpb_wrapper\">\n\t\t\t<p style=\"color: #ffffff; text-align: left;\"><strong> Welcome to Chihuhua land<\/strong> &#8211; <em>Comic<\/em><\/p>\n\n\t\t<\/div>\n\t<\/div>\n<div class=\"karma-by-kadar__simple-player karma-by-kadar__simple-player--white\" data-src=\"https:\/\/nicolascornilcompositeur.fr\/wp-content\/uploads\/2024\/02\/Welcome-to-Chihuhua-Land-Master-96k24.wav\" data-volume=\"1\" >\n\t\t\t<div class=\"karma-by-kadar__simple-player__player\"><\/div>\n\t\t\t<div class=\"karma-by-kadar__simple-player__play-pause\">\n\t\t\t\t<div class=\"karma-by-kadar__simple-player__play\">\n\t\t\t\t\t<i class=\"material-icons\">play_circle_filled<\/i>\n\t\t\t\t<\/div>\n\t\t\t\t<div class=\"karma-by-kadar__simple-player__pause\">\n\t\t\t\t\t<i class=\"material-icons\">pause_circle_filled<\/i>\n\t\t\t\t<\/div>\n\t\t\t<\/div><div class=\"karma-by-kadar__simple-player__volume-handler-container\">\n\t\t\t\t<div class=\"karma-by-kadar__simple-player__middle\">\n\t\t\t\t\t<div class=\"karma-by-kadar__simple-player__seekbar\">\n\t\t\t\t\t\t<div class=\"karma-by-kadar__simple-player__seekbar__bg\"><\/div>\n\t\t\t\t\t<\/div>\n\t\t\t\t\t<div class=\"karma-by-kadar__simple-player__current-time\"><\/div>\n\t\t\t\t\t<div class=\"karma-by-kadar__simple-player__duration\"><\/div>\n\t\t\t\t<\/div>\n\t\t\t\t<div class=\"karma-by-kadar__simple-player__right\">\n\t\t\t\t\t<div class=\"karma-by-kadar__simple-player__volume\">\n\t\t\t\t\t\t<div class=\"karma-by-kadar__simple-player__volume__bar\">\n\t\t\t\t\t\t\t<div class=\"karma-by-kadar__simple-player__volume__seekbar\">\n\t\t\t\t\t\t\t\t<div class=\"karma-by-kadar__simple-player__volume__seekbar__bg\"><\/div>\n\t\t\t\t\t\t\t<\/div>\n\t\t\t\t\t\t\t<i class=\"material-icons\">volume_down<\/i>\n\t\t\t\t\t\t<\/div>\n\t\t\t\t\t\t<div class=\"karma-by-kadar__simple-player__mute\">\n\t\t\t\t\t\t\t<i class=\"material-icons\">volume_up<\/i>\n\t\t\t\t\t\t<\/div>\n\t\t\t\t\t\t<div class=\"karma-by-kadar__simple-player__unmute\">\n\t\t\t\t\t\t\t<i class=\"material-icons\">volume_off<\/i>\n\t\t\t\t\t\t<\/div>\n\t\t\t\t\t<\/div>\n\t\t\t\t<\/div>\n\t\t\t<\/div>\n\t\t<\/div><\/div><\/div><div class=\"vc_empty_space\"   style=\"height: 30px\"><span class=\"vc_empty_space_inner\"><\/span><\/div><\/div><\/div><\/div><\/div><\/div><\/div><\/section><div class=\"vc_row wpb_row vc_row-fluid\"  ><div class=\"wpb_column vc_column_container vc_col-sm-12\"><div class=\"vc_column-inner\"><div class=\"wpb_wrapper\"><div class=\"vc_empty_space\"   style=\"height: 30px\"><span class=\"vc_empty_space_inner\"><\/span><\/div><\/div><\/div><\/div><\/div>","protected":false},"excerpt":{"rendered":"Initi\u00e9 \u00e0 la musique depuis son plus jeune \u00e2ge, Nicolas Cornil se sp\u00e9cialise dans la cr\u00e9ation de musique de film apr\u00e8s avoir suivi une formation de pianiste classique. Ces derni\u00e8res ann\u00e9es, il signe la musique originale de projets vari\u00e9s dont [...]","protected":false},"author":1,"featured_media":0,"parent":0,"menu_order":0,"comment_status":"closed","ping_status":"closed","template":"full-width.php","meta":{"footnotes":""},"_links":{"self":[{"href":"https:\/\/nicolascornilcompositeur.fr\/en\/wp-json\/wp\/v2\/pages\/326"}],"collection":[{"href":"https:\/\/nicolascornilcompositeur.fr\/en\/wp-json\/wp\/v2\/pages"}],"about":[{"href":"https:\/\/nicolascornilcompositeur.fr\/en\/wp-json\/wp\/v2\/types\/page"}],"author":[{"embeddable":true,"href":"https:\/\/nicolascornilcompositeur.fr\/en\/wp-json\/wp\/v2\/users\/1"}],"replies":[{"embeddable":true,"href":"https:\/\/nicolascornilcompositeur.fr\/en\/wp-json\/wp\/v2\/comments?post=326"}],"version-history":[{"count":150,"href":"https:\/\/nicolascornilcompositeur.fr\/en\/wp-json\/wp\/v2\/pages\/326\/revisions"}],"predecessor-version":[{"id":5398,"href":"https:\/\/nicolascornilcompositeur.fr\/en\/wp-json\/wp\/v2\/pages\/326\/revisions\/5398"}],"wp:attachment":[{"href":"https:\/\/nicolascornilcompositeur.fr\/en\/wp-json\/wp\/v2\/media?parent=326"}],"curies":[{"name":"wp","href":"https:\/\/api.w.org\/{rel}","templated":true}]}}