{"id":4558,"date":"2019-01-16T16:13:13","date_gmt":"2019-01-16T15:13:13","guid":{"rendered":"https:\/\/nicolascornilcompositeur.fr\/?page_id=4558"},"modified":"2019-01-30T11:10:10","modified_gmt":"2019-01-30T10:10:10","slug":"new-website-coming-soon","status":"publish","type":"page","link":"https:\/\/nicolascornilcompositeur.fr\/en\/new-website-coming-soon\/","title":{"rendered":"New website coming soon"},"content":{"rendered":"<div class=\"eltdf-row-grid-section-wrapper eltdf-content-aligment-center\"  ><div class=\"eltdf-row-grid-section\"><div class=\"vc_row wpb_row vc_row-fluid\"  ><div class=\"wpb_column vc_column_container vc_col-sm-12\"><div class=\"vc_column-inner\"><div class=\"wpb_wrapper\"><div class=\"eltdf-elements-holder   eltdf-one-column  eltdf-responsive-mode-768\" ><div class=\"eltdf-eh-item\"  data-item-class=\"eltdf-eh-custom-5379\" data-1367-1600=\"227px 31px 142px\" data-1025-1366=\"178px 31px 86px\" data-769-1024=\"143px 31px 190px\" data-681-768=\"205px 31px 238px\" data-680=\"100px 0px 190px\">\n\t<div class=\"eltdf-eh-item-inner\">\n\t\t<div class=\"eltdf-eh-item-content eltdf-eh-custom-5379\" style=\"padding: 327px 31px 355px\">\n\t\t\t\n\t<div class=\"wpb_text_column wpb_content_element\" >\n\t\t<div class=\"wpb_wrapper\">\n\t\t\t<div>\n<h1 style=\"text-align: center;\">Nicolas Cornil<\/h1>\n<h6 style=\"text-align: center; color: #000;\">MUSIQUE \u00c0 L&rsquo;IMAGE<\/h6>\n<\/div>\n\n\t\t<\/div>\n\t<\/div>\n<div class=\"vc_empty_space\"   style=\"height: 32px\"><span class=\"vc_empty_space_inner\"><\/span><\/div>\n\t<div class=\"wpb_text_column wpb_content_element\" >\n\t\t<div class=\"wpb_wrapper\">\n\t\t\t<h5 style=\"text-align: center;\">Mon site se refait une beaut\u00e9&#8230;<br \/>\nRetrouvez mes r\u00e9alisations tr\u00e8s prochainement sur<br \/>\n<em><a href=\"https:\/\/nicolascornilcompositeur.fr\/en\/\">nicolascornilcompositeur.fr<\/a><\/em><\/h5>\n\n\t\t<\/div>\n\t<\/div>\n<div class=\"vc_empty_space\"   style=\"height: 93px\"><span class=\"vc_empty_space_inner\"><\/span><\/div><div class=\"eltdf-countdown  eltdf-light-skin\" id=\"countdown8834\" data-year=\"2019\" data-month=\"2\" data-day=\"3\" data-hour=\"17\" data-minute=\"30\" data-month-label=\"Mois\" data-day-label=\"Jours\" data-hour-label=\"Heure\" data-minute-label=\"Minutes\" data-second-label=\"Secondes\" data-digit-size=\"55\" data-label-size=\"16\"><\/div><div class=\"vc_empty_space\"   style=\"height: 78px\"><span class=\"vc_empty_space_inner\"><\/span><\/div><a itemprop=\"url\" href=\"https:\/\/nicolascornilcompositeur.fr\/en\/contactez-moi\/\" target=\"_self\"  class=\"eltdf-btn eltdf-btn-medium eltdf-btn-solid eltdf-btn-custom-border-hover eltdf-btn-custom-hover-color\" data-hover-color=\"#ffffff\" data-hover-border-color=\"#ffffff\" >\n    <span class=\"eltdf-btn-text\">CONTACT ME<\/span>\n    <\/a>\t\t<\/div>\n\t<\/div>\n    <\/div><\/div><\/div><\/div><\/div><\/div><\/div><\/div>","protected":false},"excerpt":{"rendered":"Nicolas Cornil MUSIQUE \u00c0 L'IMAGE Mon site se refait une beaut\u00e9... Retrouvez mes r\u00e9alisations tr\u00e8s prochainement sur nicolascornilcompositeur.fr CONTACTEZ-MOI","protected":false},"author":1,"featured_media":0,"parent":0,"menu_order":0,"comment_status":"closed","ping_status":"closed","template":"coming-soon-page.php","meta":{"footnotes":""},"_links":{"self":[{"href":"https:\/\/nicolascornilcompositeur.fr\/en\/wp-json\/wp\/v2\/pages\/4558"}],"collection":[{"href":"https:\/\/nicolascornilcompositeur.fr\/en\/wp-json\/wp\/v2\/pages"}],"about":[{"href":"https:\/\/nicolascornilcompositeur.fr\/en\/wp-json\/wp\/v2\/types\/page"}],"author":[{"embeddable":true,"href":"https:\/\/nicolascornilcompositeur.fr\/en\/wp-json\/wp\/v2\/users\/1"}],"replies":[{"embeddable":true,"href":"https:\/\/nicolascornilcompositeur.fr\/en\/wp-json\/wp\/v2\/comments?post=4558"}],"version-history":[{"count":11,"href":"https:\/\/nicolascornilcompositeur.fr\/en\/wp-json\/wp\/v2\/pages\/4558\/revisions"}],"predecessor-version":[{"id":4656,"href":"https:\/\/nicolascornilcompositeur.fr\/en\/wp-json\/wp\/v2\/pages\/4558\/revisions\/4656"}],"wp:attachment":[{"href":"https:\/\/nicolascornilcompositeur.fr\/en\/wp-json\/wp\/v2\/media?parent=4558"}],"curies":[{"name":"wp","href":"https:\/\/api.w.org\/{rel}","templated":true}]}}