{"id":74,"date":"2018-07-05T08:57:52","date_gmt":"2018-07-05T08:57:52","guid":{"rendered":"http:\/\/sahel.elated-themes.com\/?page_id=74"},"modified":"2024-02-10T02:35:25","modified_gmt":"2024-02-10T01:35:25","slug":"biographie","status":"publish","type":"page","link":"https:\/\/nicolascornilcompositeur.fr\/en\/biographie\/","title":{"rendered":"Biography"},"content":{"rendered":"<div class=\"eltdf-row-grid-section-wrapper\"  ><div class=\"eltdf-row-grid-section\"><div class=\"vc_row wpb_row vc_row-fluid\"  data-dynamic-bgrnd=\"#f3e7be\"><div class=\"wpb_column vc_column_container vc_col-sm-12 vc_hidden-sm vc_hidden-xs\"><div class=\"vc_column-inner\"><div class=\"wpb_wrapper\"><div class=\"vc_empty_space\"   style=\"height: 32px\"><span class=\"vc_empty_space_inner\"><\/span><\/div><div class=\"vc_empty_space\"   style=\"height: 32px\"><span class=\"vc_empty_space_inner\"><\/span><\/div><div class=\"vc_empty_space\"   style=\"height: 32px\"><span class=\"vc_empty_space_inner\"><\/span><\/div><div class=\"vc_row wpb_row vc_inner vc_row-fluid vc_column-gap-10 vc_row-o-content-top vc_row-flex\" ><div class=\"wpb_column vc_column_container vc_col-sm-6 vc_hidden-sm vc_hidden-xs\"><div class=\"vc_column-inner\"><div class=\"wpb_wrapper\"><div class=\"vc_empty_space\"   style=\"height: 32px\"><span class=\"vc_empty_space_inner\"><\/span><\/div><div class=\"eltdf-section-title-holder  eltdf-st-standard eltdf-st-title-left eltdf-st-normal-space\" >\n\t<div class=\"eltdf-st-inner\">\n\t\t\n        \n\t\t\t\t\t<h1 class=\"eltdf-st-title\" >\n\t\t\t\t<span>\n\t\t\t\tMusic composer\t\t\t\t<\/span>\n\t\t\t<\/h1>\n\t\t\t\t\t<\/div>\n<\/div><div class=\"vc_empty_space\"   style=\"height: 32px\"><span class=\"vc_empty_space_inner\"><\/span><\/div>\n\t<div class=\"wpb_text_column wpb_content_element\" >\n\t\t<div class=\"wpb_wrapper\">\n\t\t\t<p class=\"p1\">Nicolas Cornil started music at a very early age. He first had classical piano tuition at the National Conservatory of music of the Hauts-de-Seine R\u00e9gion.<\/p>\n<p class=\"p1\">He has always had a passion for film music and has loved creating music ever since he could play the piano. This explains why he chose to study film music composition at the International Music Academy in Nancy and why he decided to specialize in this particular field.<\/p>\n<p class=\"p1\">He was then admitted to Lyon\u2019s University Masters degree in Music Applied to Visual Arts and thus continued his studies during a further two years, during which he was able to develop his skills, abilities and knowledge in this area.<\/p>\n<p class=\"p1\">He has composed quite several very different kinds of music these past few years, including various television reports for ARTE and USHUA\u00cfA TV. \nHe also composed the sound track  of several video games, one of which was created by Jean-Claude Van Damme,\u00a0and for an animated short film ordered by FOX DIGITAL STUDIO, a FOX CENTURY subsidiary.<\/p>\n<p class=\"p1\">For his film music, he won the \u00ab\u00a0Best original music\u00a0\u00bb prize for a film called \u00ab\u00a0Monsieur Personne\u00a0\u00bb in 2015 awarded by the ESRA jury.\nHe was also awarded the \u00ab\u00a0Best score 2019\u00a0\u00bb at the Deep Focus Film Festival (USA).<\/p>\n<p class=\"p1\">He also wrote the music of the film\u00a0\u00ab\u00a0Mohamed le Pr\u00e9nom\u00a0\u00bb, which was shown at the \u00ab\u00a0Short Corner\u00a0\u00bb of the 2016 Cannes Festival, and of a number of animated films that have been shown recently in many international film festivals such as the Annecy Festival and the \u00ab\u00a0Interfilm\u00a0\u00bb Berlin festival. \nThese films have won many prizes, in particular the \u00abCanal + Family Favourite\u00a0\u00bb at the 2019 international festival of Clermont-Ferrand and the \u00ab\u00a0Grand Jury Prize at the 2019 animated Short Nashville film festival in the USA, which enables the film to run for an Oscar.<\/p>\n<p class=\"p1\">Multi-skilled, he can adapt his work and his music to film makers\u2019 needs and to various kinds of projects whatever the style may be.<\/p>\n<p class=\"p1\">In addition, Nicolas gives solo piano concerts and is preparing an album in which he will express his artistic world. He also composes music for singers and teaches in a music school.<\/p>\n\n\t\t<\/div>\n\t<\/div>\n<div class=\"vc_empty_space\"   style=\"height: 32px\"><span class=\"vc_empty_space_inner\"><\/span><\/div>\n\t<div class=\"wpb_text_column wpb_content_element\" >\n\t\t<div class=\"wpb_wrapper\">\n\t\t\t<h5><a href=\"https:\/\/nicolascornilcompositeur.fr\/en\/films\/\">LAST PROJECTS<\/a>\u00a0 \u00a0 \u00a0 \u00a0 \u00a0 \u00a0 \u00a0 \u00a0\u00a0<a href=\"https:\/\/nicolascornilcompositeur.fr\/en\/musiques\/\">MUSICS<\/a><\/h5>\n\n\t\t<\/div>\n\t<\/div>\n<div class=\"vc_empty_space\"   style=\"height: 32px\"><span class=\"vc_empty_space_inner\"><\/span><\/div><\/div><\/div><\/div><div class=\"wpb_column vc_column_container vc_col-sm-6 vc_hidden-sm vc_hidden-xs\"><div class=\"vc_column-inner\"><div class=\"wpb_wrapper\"><div class=\"vc_empty_space\"   style=\"height: 32px\"><span class=\"vc_empty_space_inner\"><\/span><\/div>\n\t<div  class=\"wpb_single_image wpb_content_element vc_align_left\">\n\t\t\n\t\t<figure class=\"wpb_wrapper vc_figure\">\n\t\t\t<div class=\"vc_single_image-wrapper   vc_box_border_grey\"><img loading=\"lazy\" decoding=\"async\" width=\"3499\" height=\"5249\" src=\"https:\/\/nicolascornilcompositeur.fr\/wp-content\/uploads\/2019\/01\/nicolas_cornil_compositeur_1.jpg\" class=\"vc_single_image-img attachment-full\" alt=\"\" title=\"nicolas_cornil_compositeur_1\" srcset=\"https:\/\/nicolascornilcompositeur.fr\/wp-content\/uploads\/2019\/01\/nicolas_cornil_compositeur_1.jpg 3499w, https:\/\/nicolascornilcompositeur.fr\/wp-content\/uploads\/2019\/01\/nicolas_cornil_compositeur_1-200x300.jpg 200w, https:\/\/nicolascornilcompositeur.fr\/wp-content\/uploads\/2019\/01\/nicolas_cornil_compositeur_1-768x1152.jpg 768w, https:\/\/nicolascornilcompositeur.fr\/wp-content\/uploads\/2019\/01\/nicolas_cornil_compositeur_1-683x1024.jpg 683w\" sizes=\"(max-width: 3499px) 100vw, 3499px\" \/><\/div>\n\t\t<\/figure>\n\t<\/div>\n<div class=\"vc_empty_space\"   style=\"height: 32px\"><span class=\"vc_empty_space_inner\"><\/span><\/div><\/div><\/div><\/div><\/div><div class=\"vc_empty_space\"   style=\"height: 60px\"><span class=\"vc_empty_space_inner\"><\/span><\/div><\/div><\/div><\/div><\/div><\/div><\/div><div class=\"vc_row wpb_row vc_row-fluid vc_custom_1610753073853\"  data-dynamic-bgrnd=\"#f3e7be\"><div class=\"wpb_column vc_column_container vc_col-sm-12 vc_hidden-lg vc_hidden-md\"><div class=\"vc_column-inner\"><div class=\"wpb_wrapper\"><div class=\"vc_empty_space\"   style=\"height: 32px\"><span class=\"vc_empty_space_inner\"><\/span><\/div><div class=\"vc_row wpb_row vc_inner vc_row-fluid vc_column-gap-10 vc_row-o-content-middle vc_row-flex\" ><div class=\"wpb_column vc_column_container vc_col-sm-12 vc_hidden-lg vc_hidden-md\"><div class=\"vc_column-inner\"><div class=\"wpb_wrapper\"><div class=\"eltdf-section-title-holder  eltdf-st-standard eltdf-st-title-left eltdf-st-normal-space\" >\n\t<div class=\"eltdf-st-inner\">\n\t\t\n        \n\t\t\t\t\t<h1 class=\"eltdf-st-title\" >\n\t\t\t\t<span>\n\t\t\t\tMusic composer\t\t\t\t<\/span>\n\t\t\t<\/h1>\n\t\t\t\t\t<\/div>\n<\/div><div class=\"vc_empty_space\"   style=\"height: 32px\"><span class=\"vc_empty_space_inner\"><\/span><\/div>\n\t<div  class=\"wpb_single_image wpb_content_element vc_align_left\">\n\t\t\n\t\t<figure class=\"wpb_wrapper vc_figure\">\n\t\t\t<div class=\"vc_single_image-wrapper   vc_box_border_grey\"><img loading=\"lazy\" decoding=\"async\" width=\"3499\" height=\"5249\" src=\"https:\/\/nicolascornilcompositeur.fr\/wp-content\/uploads\/2019\/01\/nicolas_cornil_compositeur_1.jpg\" class=\"vc_single_image-img attachment-full\" alt=\"\" title=\"nicolas_cornil_compositeur_1\" srcset=\"https:\/\/nicolascornilcompositeur.fr\/wp-content\/uploads\/2019\/01\/nicolas_cornil_compositeur_1.jpg 3499w, https:\/\/nicolascornilcompositeur.fr\/wp-content\/uploads\/2019\/01\/nicolas_cornil_compositeur_1-200x300.jpg 200w, https:\/\/nicolascornilcompositeur.fr\/wp-content\/uploads\/2019\/01\/nicolas_cornil_compositeur_1-768x1152.jpg 768w, https:\/\/nicolascornilcompositeur.fr\/wp-content\/uploads\/2019\/01\/nicolas_cornil_compositeur_1-683x1024.jpg 683w\" sizes=\"(max-width: 3499px) 100vw, 3499px\" \/><\/div>\n\t\t<\/figure>\n\t<\/div>\n\n\t<div class=\"wpb_text_column wpb_content_element\" >\n\t\t<div class=\"wpb_wrapper\">\n\t\t\t<p class=\"p1\">Nicolas Cornil started music at a very early age. He first had classical piano tuition at the National Conservatory of music of the Hauts-de-Seine R\u00e9gion.<\/p>\n<p class=\"p1\">He has always had a passion for film music and has loved creating music ever since he could play the piano. This explains why he chose to study film music composition at the International Music Academy in Nancy and why he decided to specialize in this particular field.<\/p>\n<p class=\"p1\">He was then admitted to Lyon\u2019s University Masters degree in Music Applied to Visual Arts and thus continued his studies during a further two years, during which he was able to develop his skills, abilities and knowledge in this area.<\/p>\n<p class=\"p1\">He has composed quite several very different kinds of music these past few years, including various television reports for ARTE and USHUA\u00cfA TV. \nHe also composed the sound track  of several video games, one of which was created by Jean-Claude Van Damme,\u00a0and for an animated short film ordered by FOX DIGITAL STUDIO, a FOX CENTURY subsidiary.<\/p>\n<p class=\"p1\">For his film music, he won the \u00ab\u00a0Best original music\u00a0\u00bb prize for a film called \u00ab\u00a0Monsieur Personne\u00a0\u00bb in 2015 awarded by the ESRA jury.\nHe was also awarded the \u00ab\u00a0Best score 2019\u00a0\u00bb at the Deep Focus Film Festival (USA).<\/p>\n<p class=\"p1\">He also wrote the music of the film\u00a0\u00ab\u00a0Mohamed le Pr\u00e9nom\u00a0\u00bb, which was shown at the \u00ab\u00a0Short Corner\u00a0\u00bb of the 2016 Cannes Festival, and of a number of animated films that have been shown recently in many international film festivals such as the Annecy Festival and the \u00ab\u00a0Interfilm\u00a0\u00bb Berlin festival. \nThese films have won many prizes, in particular the \u00abCanal + Family Favourite\u00a0\u00bb at the 2019 international festival of Clermont-Ferrand and the \u00ab\u00a0Grand Jury Prize at the 2019 animated Short Nashville film festival in the USA, which enables the film to run for an Oscar.<\/p>\n<p class=\"p1\">Multi-skilled, he can adapt his work and his music to film makers\u2019 needs and to various kinds of projects whatever the style may be.<\/p>\n<p class=\"p1\">In addition, Nicolas gives solo piano concerts and is preparing an album in which he will express his artistic world. He also composes music for singers and teaches in a music school.<\/p>\n\n\t\t<\/div>\n\t<\/div>\n<div class=\"vc_empty_space\"   style=\"height: 32px\"><span class=\"vc_empty_space_inner\"><\/span><\/div>\n\t<div class=\"wpb_text_column wpb_content_element\" >\n\t\t<div class=\"wpb_wrapper\">\n\t\t\t<h5><a href=\"https:\/\/nicolascornilcompositeur.fr\/en\/films\/\">LAST PROJECTS<\/a>\u00a0 \u00a0 \u00a0 \u00a0 \u00a0 \u00a0 \u00a0 \u00a0\u00a0<a href=\"https:\/\/nicolascornilcompositeur.fr\/en\/musiques\/\">MUSICS<\/a><\/h5>\n\n\t\t<\/div>\n\t<\/div>\n<div class=\"vc_empty_space\"   style=\"height: 32px\"><span class=\"vc_empty_space_inner\"><\/span><\/div><\/div><\/div><\/div><\/div><div class=\"vc_empty_space\"   style=\"height: 60px\"><span class=\"vc_empty_space_inner\"><\/span><\/div><\/div><\/div><\/div><\/div><div class=\"eltdf-row-grid-section-wrapper\"  ><div class=\"eltdf-row-grid-section\"><div class=\"vc_row wpb_row vc_row-fluid vc_column-gap-10 vc_row-o-equal-height vc_row-o-content-middle vc_row-flex\"  ><div class=\"wpb_column vc_column_container vc_col-sm-3 vc_hidden-md vc_hidden-sm vc_hidden-xs vc_col-has-fill\"><div class=\"vc_column-inner vc_custom_1549492959997\"><div class=\"wpb_wrapper\"><div class=\"eltdf-elements-holder   eltdf-one-column  eltdf-responsive-mode-768\" ><div class=\"eltdf-eh-item\"  data-item-class=\"eltdf-eh-custom-9169\">\n\t<div class=\"eltdf-eh-item-inner\">\n\t\t<div class=\"eltdf-eh-item-content eltdf-eh-custom-9169\" >\n\t\t\t<div class=\"eltdf-section-title-holder  eltdf-st-standard eltdf-st-title-left eltdf-st-normal-space\" style=\"text-align: center\">\n\t<div class=\"eltdf-st-inner\">\n\t\t\n        \n\t\t\t\t\t<h3 class=\"eltdf-st-title\" style=\"color: #ffffff\">\n\t\t\t\t<span>\n\t\t\t\tMusical Education and References\t\t\t\t<\/span>\n\t\t\t<\/h3>\n\t\t\t\t\t<\/div>\n<\/div>\t\t<\/div>\n\t<\/div>\n    <\/div><\/div><\/div><\/div><\/div><div class=\"wpb_column vc_column_container vc_col-sm-9 vc_hidden-md vc_hidden-sm vc_hidden-xs\"><div class=\"vc_column-inner\"><div class=\"wpb_wrapper\"><div class=\"eltdf-elements-holder   eltdf-one-column  eltdf-responsive-mode-768\" style=\"background-color: #363636\"><div class=\"eltdf-eh-item\"  data-item-class=\"eltdf-eh-custom-4134\">\n\t<div class=\"eltdf-eh-item-inner\">\n\t\t<div class=\"eltdf-eh-item-content eltdf-eh-custom-4134\" >\n\t\t\t<div class=\"vc_empty_space\"   style=\"height: 32px\"><span class=\"vc_empty_space_inner\"><\/span><\/div>\n\t<div class=\"wpb_text_column wpb_content_element  vc_custom_1614356612904\" >\n\t\t<div class=\"wpb_wrapper\">\n\t\t\t<p style=\"text-align: left; color: #fff; padding-left: 40px;\"><strong>2016 &#8211; 2018<\/strong> : Master of Music Applied to Visual Arts (MAAAV) - Lyon University.<br \/>\n<strong>2015<\/strong> : Florent music course - Paris<br \/>\n<strong>2013 &#8211; 2014<\/strong> : Music Academy International - Nancy<br \/>\n<strong>2000-2006<\/strong> : National College of Music - Boulogne-Billancourt<br \/>\nESRA Group - ArtFX - MOPA - ENSI - ESMA<br \/>\n<em>Best Original Music Award - 2015<\/em><br \/>\n<em>Films shown at the Cannes and Clermont-Ferrand International Film Festivals - 2016 and 2019<\/em><br \/>\n<em>Best score 2019\u00a0 \u2013 Wild Love -<\/em> Deep Focus Film Festival (USA)\u00a0\u2013 2019<\/p>\n\n\t\t<\/div>\n\t<\/div>\n<div class=\"vc_empty_space\"   style=\"height: 32px\"><span class=\"vc_empty_space_inner\"><\/span><\/div>\t\t<\/div>\n\t<\/div>\n    <\/div><\/div><\/div><\/div><\/div><\/div><\/div><\/div><div class=\"vc_row wpb_row vc_row-fluid vc_custom_1610753084737 vc_column-gap-10 vc_row-o-equal-height vc_row-o-content-middle vc_row-flex\"  ><div class=\"wpb_column vc_column_container vc_col-sm-12 vc_hidden-lg vc_hidden-md\"><div class=\"vc_column-inner\"><div class=\"wpb_wrapper\"><div class=\"eltdf-elements-holder   eltdf-one-column  eltdf-responsive-mode-768\" ><div class=\"eltdf-eh-item\"  data-item-class=\"eltdf-eh-custom-9405\">\n\t<div class=\"eltdf-eh-item-inner\">\n\t\t<div class=\"eltdf-eh-item-content eltdf-eh-custom-9405\" >\n\t\t\t<div class=\"eltdf-section-title-holder  eltdf-st-standard eltdf-st-title-left eltdf-st-normal-space\" style=\"text-align: center\">\n\t<div class=\"eltdf-st-inner\">\n\t\t\n        \n\t\t\t\t\t<h3 class=\"eltdf-st-title\" style=\"color: #000000\">\n\t\t\t\t<span>\n\t\t\t\tMusical Education and References\t\t\t\t<\/span>\n\t\t\t<\/h3>\n\t\t\t\t\t<\/div>\n<\/div><div class=\"vc_empty_space\"   style=\"height: 32px\"><span class=\"vc_empty_space_inner\"><\/span><\/div>\t\t<\/div>\n\t<\/div>\n    <\/div><\/div><div class=\"eltdf-elements-holder   eltdf-one-column  eltdf-responsive-mode-768\" style=\"background-color: #363636\"><div class=\"eltdf-eh-item\"  data-item-class=\"eltdf-eh-custom-9503\">\n\t<div class=\"eltdf-eh-item-inner\">\n\t\t<div class=\"eltdf-eh-item-content eltdf-eh-custom-9503\" >\n\t\t\t<div class=\"vc_empty_space\"   style=\"height: 32px\"><span class=\"vc_empty_space_inner\"><\/span><\/div>\n\t<div class=\"wpb_text_column wpb_content_element\" >\n\t\t<div class=\"wpb_wrapper\">\n\t\t\t<p style=\"text-align: left; color: #fff; padding-left: 40px;\"><strong>2016 &#8211; 2018<\/strong> : Master of Music Applied to Visual Arts (MAAAV) - Lyon University.<br \/>\n<strong>2015<\/strong> : Florent music course - Paris<br \/>\n<strong>2013 &#8211; 2014<\/strong> : Music Academy International - Nancy<br \/>\n<strong>2000-2006<\/strong> : National College of Music - Boulogne-Billancourt<br \/>\nESRA Group - ArtFX - MOPA - ENSI - ESMA<br \/>\n<em>Best Original Music Award - 2015<\/em><br \/>\n<em>Films shown at the Cannes and Clermont-Ferrand International Film Festivals - 2016 and 2019<\/em><br \/>\n<em>Best score 2019\u00a0 \u2013 Wild Love -<\/em> Deep Focus Film Festival (USA)\u00a0\u2013 2019<\/p>\n\n\t\t<\/div>\n\t<\/div>\n<div class=\"vc_empty_space\"   style=\"height: 32px\"><span class=\"vc_empty_space_inner\"><\/span><\/div>\t\t<\/div>\n\t<\/div>\n    <\/div><\/div><\/div><\/div><\/div><\/div><div class=\"eltdf-row-grid-section-wrapper eltdf-content-aligment-center\"  ><div class=\"eltdf-row-grid-section\"><div class=\"vc_row wpb_row vc_row-fluid vc_row-o-content-middle vc_row-flex\"  ><div class=\"wpb_column vc_column_container vc_col-sm-12\"><div class=\"vc_column-inner\"><div class=\"wpb_wrapper\"><div class=\"eltdf-elements-holder   eltdf-one-column  eltdf-responsive-mode-768\" ><div class=\"eltdf-eh-item\"  data-item-class=\"eltdf-eh-custom-6230\">\n\t<div class=\"eltdf-eh-item-inner\">\n\t\t<div class=\"eltdf-eh-item-content eltdf-eh-custom-6230\" >\n\t\t\t<div class=\"vc_empty_space\"   style=\"height: 32px\"><span class=\"vc_empty_space_inner\"><\/span><\/div>\n\t<div class=\"wpb_text_column wpb_content_element\" >\n\t\t<div class=\"wpb_wrapper\">\n\t\t\t<h4 style=\"text-align: center;\">Contact<\/h4>\n\n\t\t<\/div>\n\t<\/div>\n\n\t<div class=\"wpb_text_column wpb_content_element  vc_custom_1550078380968\" >\n\t\t<div class=\"wpb_wrapper\">\n\t\t\t<p style=\"text-align: center; color: #000;\" class=\" translation-block\"><span style=\"color: #000\">Nicolas Cornil<\/span><br>\n<span style=\"color: #000\"><a style=\"color: #000\" href=\"tel:+33 6 08 52 72 00\" target=\"_self\">+33 6 08 52 72 00<\/a><\/span><br>\ncontact@nicolascornilcompositeur.fr<\/p>\n\n\t\t<\/div>\n\t<\/div>\n<div class=\"vc_empty_space\"   style=\"height: 13px\"><span class=\"vc_empty_space_inner\"><\/span><\/div>    <span class=\"eltdf-icon-shortcode eltdf-normal\" style=\"margin: 0 20px 0 0\" data-hover-color=\"#a29d99\" data-color=\"#000000\">\n                    <a itemprop=\"url\" class=\"\" href=\"https:\/\/www.facebook.com\/nicolas.cornil.9\" target=\"_blank\">\n                    <i class=\"eltdf-icon-font-awesome fab fa-facebook eltdf-icon-element\" style=\"color: #000000;font-size:16px\" ><\/i>                    <\/a>\n            <\/span>\n    <span class=\"eltdf-icon-shortcode eltdf-normal\" style=\"margin: 0 25px 0 0\" data-hover-color=\"#a29d99\" data-color=\"#000000\">\n                    <a itemprop=\"url\" class=\"\" href=\"https:\/\/www.instagram.com\/nicolas_cornil_composer\/\" target=\"_blank\">\n                    <i class=\"eltdf-icon-font-awesome fab fa-instagram eltdf-icon-element\" style=\"color: #000000;font-size:16px\" ><\/i>                    <\/a>\n            <\/span>\n    <span class=\"eltdf-icon-shortcode eltdf-normal\"  data-hover-color=\"#a29d99\" data-color=\"#000000\">\n                    <a itemprop=\"url\" class=\"\" href=\"https:\/\/www.linkedin.com\/in\/nicolas-cornil-002547177\/\" target=\"_blank\">\n                    <i class=\"eltdf-icon-font-awesome fab fa-linkedin eltdf-icon-element\" style=\"color: #000000;font-size:16px\" ><\/i>                    <\/a>\n            <\/span>\n<div class=\"vc_empty_space\"   style=\"height: 32px\"><span class=\"vc_empty_space_inner\"><\/span><\/div>\t\t<\/div>\n\t<\/div>\n    <\/div><\/div><\/div><\/div><\/div><\/div><\/div><\/div>","protected":false},"excerpt":{"rendered":"Compositeur de musique Initi\u00e9 \u00e0 la musique depuis son plus \u00e2ge, Nicolas Cornil a d\u2019abord suivi une formation classique de piano au Conservatoire National de R\u00e9gion de Boulogne-Billancourt. Passionn\u00e9 depuis toujours par la musique de film et par la cr\u00e9ation [...]","protected":false},"author":1,"featured_media":0,"parent":0,"menu_order":0,"comment_status":"closed","ping_status":"closed","template":"full-width.php","meta":{"footnotes":""},"_links":{"self":[{"href":"https:\/\/nicolascornilcompositeur.fr\/en\/wp-json\/wp\/v2\/pages\/74"}],"collection":[{"href":"https:\/\/nicolascornilcompositeur.fr\/en\/wp-json\/wp\/v2\/pages"}],"about":[{"href":"https:\/\/nicolascornilcompositeur.fr\/en\/wp-json\/wp\/v2\/types\/page"}],"author":[{"embeddable":true,"href":"https:\/\/nicolascornilcompositeur.fr\/en\/wp-json\/wp\/v2\/users\/1"}],"replies":[{"embeddable":true,"href":"https:\/\/nicolascornilcompositeur.fr\/en\/wp-json\/wp\/v2\/comments?post=74"}],"version-history":[{"count":45,"href":"https:\/\/nicolascornilcompositeur.fr\/en\/wp-json\/wp\/v2\/pages\/74\/revisions"}],"predecessor-version":[{"id":5424,"href":"https:\/\/nicolascornilcompositeur.fr\/en\/wp-json\/wp\/v2\/pages\/74\/revisions\/5424"}],"wp:attachment":[{"href":"https:\/\/nicolascornilcompositeur.fr\/en\/wp-json\/wp\/v2\/media?parent=74"}],"curies":[{"name":"wp","href":"https:\/\/api.w.org\/{rel}","templated":true}]}}